{"id":5525,"date":"2019-03-31T16:53:42","date_gmt":"2019-03-31T14:53:42","guid":{"rendered":"http:\/\/6thd.eu\/?page_id=5525"},"modified":"2020-05-03T10:17:38","modified_gmt":"2020-05-03T08:17:38","slug":"servis-lasershow","status":"publish","type":"page","link":"https:\/\/6thd.eu\/cz\/servis-lasershow\/","title":{"rendered":"Servis laser\u016f"},"content":{"rendered":"<div class=\"bt_bb_wrapper\"><section id=\"bt_bb_section69f5b57325cb4\" data-parallax=\"0.7\" data-parallax-offset=\"0\" class=\"bt_bb_section bt_bb_color_scheme_1 bt_bb_layout_boxed_1400 bt_bb_vertical_align_top bt_bb_background_image bt_bb_parallax bt_bb_background_overlay_dark_gradient\" style=\"background-image:url(&#039;https:\/\/6thd.eu\/wp-content\/uploads\/2019\/02\/6thd_2-min.jpg&#039;);\" data-bt-override-class=\"null\"><div class=\"bt_bb_port\"><div class=\"bt_bb_cell\"><div class=\"bt_bb_cell_inner\"><div class=\"bt_bb_row_wrapper\"><div  class=\"bt_bb_row\" ><div  class=\"bt_bb_column col-md-12 col-ms-12 bt_bb_align_left bt_bb_vertical_align_top bt_bb_padding_normal\"  data-width=\"12\"><div class=\"bt_bb_column_content\"><div class=\"bt_bb_separator bt_bb_border_style_none bt_bb_bottom_spacing_medium\" data-bt-override-class=\"null\"><\/div><\/div><\/div><\/div><\/div><div class=\"bt_bb_row_wrapper\"><div  class=\"bt_bb_row\" ><div  class=\"bt_bb_column col-md-12 col-ms-12 bt_bb_align_left bt_bb_vertical_align_top bt_bb_padding_double\" style=\"background-color: rgba(0, 0, 0, 0.7);\" data-width=\"12\"><div class=\"bt_bb_column_content\"><div class=\"bt_bb_separator bt_bb_border_style_none bt_bb_bottom_spacing_medium\" data-bt-override-class=\"null\"><\/div><header class=\"bt_bb_headline bt_bb_color_scheme_1 bt_bb_dash_none bt_bb_size_extralarge bt_bb_align_left\" data-bt-override-class=\"{}\"><h2 class=\"bt_bb_headline_tag\"><span class=\"bt_bb_headline_content\"><span>LASER SERVIS OPRAVY<br \/>\r\n<\/span><\/span><\/h2><\/header><div class=\"bt_bb_separator bt_bb_border_style_none bt_bb_bottom_spacing_medium\" data-bt-override-class=\"null\"><\/div><\/div><\/div><\/div><\/div><div class=\"bt_bb_row_wrapper\"><div  class=\"bt_bb_row\" ><div  class=\"bt_bb_column col-md-12 col-ms-12 bt_bb_align_left bt_bb_vertical_align_top bt_bb_padding_double\"  data-width=\"12\"><div class=\"bt_bb_column_content\"><div class=\"bt_bb_separator bt_bb_border_style_none bt_bb_bottom_spacing_small\" data-bt-override-class=\"null\"><\/div><\/div><\/div><\/div><\/div><div class=\"bt_bb_row_wrapper\"><div  class=\"bt_bb_row\" ><div  class=\"bt_bb_column col-md-4 col-ms-12 bt_bb_align_left bt_bb_vertical_align_middle bt_bb_padding_double\" style=\"background-color: rgba(0, 0, 0, 0.7);\" data-width=\"4\"><div class=\"bt_bb_column_content\"><div class=\"bt_bb_separator bt_bb_border_style_none bt_bb_bottom_spacing_medium\" data-bt-override-class=\"null\"><\/div><div class=\"bt_bb_image bt_bb_shape_square bt_bb_align_inherit bt_bb_hover_style_simple bt_bb_content_display_always bt_bb_content_align_middle\" data-bt-override-class=\"{}\"><span><img width=\"300\" height=\"300\" src=\"https:\/\/6thd.eu\/wp-content\/uploads\/2019\/02\/6thD_S4.jpg\" class=\"attachment-medium size-medium\" alt=\"laser support\" loading=\"lazy\" data-full_image_src=\"https:\/\/6thd.eu\/wp-content\/uploads\/2019\/02\/6thD_S4.jpg\" title=\"6thD laser support\" srcset=\"https:\/\/6thd.eu\/wp-content\/uploads\/2019\/02\/6thD_S4.jpg 300w, https:\/\/6thd.eu\/wp-content\/uploads\/2019\/02\/6thD_S4-160x160.jpg 160w, https:\/\/6thd.eu\/wp-content\/uploads\/2019\/02\/6thD_S4-100x100.jpg 100w\" sizes=\"(max-width: 300px) 100vw, 300px\" \/><\/span><\/div><div class=\"bt_bb_separator bt_bb_border_style_none bt_bb_bottom_spacing_medium\" data-bt-override-class=\"null\"><\/div><\/div><\/div><div  class=\"bt_bb_column col-md-8 col-ms-12 bt_bb_align_left bt_bb_vertical_align_top bt_bb_padding_normal\" style=\"background-color: rgba(0, 0, 0, 0.7);\" data-width=\"8\"><div class=\"bt_bb_column_content\"><div class=\"bt_bb_separator bt_bb_border_style_none bt_bb_bottom_spacing_medium\" data-bt-override-class=\"null\"><\/div><div  class=\"bt_bb_text\" ><p>Poskytujeme poradenstv\u00ed a konsultace v oblasti laser\u016f  - opravy a p\u0159estavby laser\u016f a laserov\u00fdch show za\u0159\u00edzen\u00ed. Jsme v\u00fdrobci laser\u016f a v t\u00e9to oblasti poskytujeme nadstandardn\u00ed slu\u017eby. M\u00e1me komponenty, kter\u00e9 se b\u011b\u017en\u011b na trhu nenach\u00e1zej\u00ed. Kontaktujte n\u00e1s.<\/p>\n<\/div><div class=\"bt_bb_separator bt_bb_border_style_none bt_bb_bottom_spacing_medium\" data-bt-override-class=\"null\"><\/div><div class=\"bt_bb_button bt_bb_icon_position_left bt_bb_color_scheme_6 bt_bb_style_filled bt_bb_size_normal bt_bb_width_inline bt_bb_shape_inherit bt_bb_align_inherit\" data-bt-override-class=\"{}\"><a href=\"\/contact\" target=\"_self\" class=\"bt_bb_link\" title=\"Contact us\"><span class=\"bt_bb_button_text\" >Contact us<\/span><\/a><\/div><div class=\"bt_bb_separator bt_bb_border_style_none bt_bb_bottom_spacing_large\" data-bt-override-class=\"null\"><\/div><\/div><\/div><\/div><\/div><div class=\"bt_bb_row_wrapper\"><div  class=\"bt_bb_row\" ><div  class=\"bt_bb_column col-md-12 col-ms-12 bt_bb_align_left bt_bb_vertical_align_top bt_bb_padding_double\"  data-width=\"12\"><div class=\"bt_bb_column_content\"><div class=\"bt_bb_separator bt_bb_border_style_none bt_bb_bottom_spacing_medium\" data-bt-override-class=\"null\"><\/div><\/div><\/div><\/div><\/div><\/div><\/div><\/div><\/section><\/div>","protected":false},"excerpt":{"rendered":"","protected":false},"author":1,"featured_media":0,"parent":0,"menu_order":0,"comment_status":"closed","ping_status":"closed","template":"","meta":[],"yst_prominent_words":[85,65,84,83,125,82,124],"_links":{"self":[{"href":"https:\/\/6thd.eu\/cz\/wp-json\/wp\/v2\/pages\/5525"}],"collection":[{"href":"https:\/\/6thd.eu\/cz\/wp-json\/wp\/v2\/pages"}],"about":[{"href":"https:\/\/6thd.eu\/cz\/wp-json\/wp\/v2\/types\/page"}],"author":[{"embeddable":true,"href":"https:\/\/6thd.eu\/cz\/wp-json\/wp\/v2\/users\/1"}],"replies":[{"embeddable":true,"href":"https:\/\/6thd.eu\/cz\/wp-json\/wp\/v2\/comments?post=5525"}],"version-history":[{"count":9,"href":"https:\/\/6thd.eu\/cz\/wp-json\/wp\/v2\/pages\/5525\/revisions"}],"predecessor-version":[{"id":5647,"href":"https:\/\/6thd.eu\/cz\/wp-json\/wp\/v2\/pages\/5525\/revisions\/5647"}],"wp:attachment":[{"href":"https:\/\/6thd.eu\/cz\/wp-json\/wp\/v2\/media?parent=5525"}],"wp:term":[{"taxonomy":"yst_prominent_words","embeddable":true,"href":"https:\/\/6thd.eu\/cz\/wp-json\/wp\/v2\/yst_prominent_words?post=5525"}],"curies":[{"name":"wp","href":"https:\/\/api.w.org\/{rel}","templated":true}]}}