{"id":5429,"date":"2019-03-12T20:06:33","date_gmt":"2019-03-12T19:06:33","guid":{"rendered":"http:\/\/6thd.eu\/?page_id=5429"},"modified":"2019-03-12T20:13:07","modified_gmt":"2019-03-12T19:13:07","slug":"terms-conditions","status":"publish","type":"page","link":"https:\/\/6thd.eu\/cz\/terms-conditions\/","title":{"rendered":"Terms &#038; Conditions"},"content":{"rendered":"<div class=\"bt_bb_wrapper\"><section id=\"bt_bb_section69ece5c66c054\"  class=\"bt_bb_section bt_bb_layout_boxed_1200\"  data-bt-override-class=\"null\"><div class=\"bt_bb_port\"><div class=\"bt_bb_cell\"><div class=\"bt_bb_cell_inner\"><div class=\"bt_bb_row_wrapper\"><div  class=\"bt_bb_row\" ><div  class=\"bt_bb_column col-md-12 col-ms-12 bt_bb_align_left bt_bb_vertical_align_top bt_bb_padding_normal\"  data-width=\"12\"><div class=\"bt_bb_column_content\"><div  class=\"bt_bb_text\" ><p><span class=\"h-blue\"><strong>V\u0160EOBECN\u00c9 OBCHODN\u00cd PODM\u00cdNKY 6thD Laser<\/strong><\/span><\/p>\n<p><strong>1. \u00davodn\u00ed ustanoven\u00ed<\/strong><\/p>\n<p>Tyto obchodn\u00ed podm\u00ednky plat\u00ed pro sjedn\u00e1n\u00ed n\u00e1kupu zbo\u017e\u00ed uveden\u00e9ho na webu 6thD.eu. Nejedn\u00e1 se o internetov\u00fd obchod, e-shop ani prodejn\u00ed web. Jsme firma, kter\u00e1 v\u00e1m prost\u0159ednictv\u00edm webov\u00e9 prezentace, poskytuje informace pro v\u00fdb\u011br a koupi zak\u00e1zkov\u00fdch laserov\u00fdch projektor\u016f pro show a vybran\u00fdch produkt\u016f pro lasershow projektory, pou\u017e\u00edvan\u00fdch na\u0161\u00ed firmou. Ka\u017ed\u00e9mu z\u00e1kazn\u00edkovi se v\u011bnujeme individu\u00e1ln\u011b. N\u00ed\u017ee uveden\u00e9 podm\u00ednky bl\u00ed\u017ee vymezuj\u00ed a up\u0159es\u0148uj\u00ed pr\u00e1va a povinnosti prod\u00e1vaj\u00edc\u00edho a kupuj\u00edc\u00edho.<\/p>\n<p>1.2\u00a0Ustanoven\u00ed odchyln\u00e1 od obchodn\u00edch podm\u00ednek je mo\u017en\u00e9 sjednat v kupn\u00ed smlouv\u011b. Odchyln\u00e1 ujedn\u00e1n\u00ed v kupn\u00ed smlouv\u011b maj\u00ed p\u0159ednost p\u0159ed ustanoven\u00edmi obchodn\u00edch podm\u00ednek.<\/p>\n<p><strong><span class=\"h-blue\">2. Objedn\u00e1vka a uzav\u0159en\u00ed kupn\u00ed smlouvy<\/span><\/strong><\/p>\n<p>Zbo\u017e\u00ed m\u016f\u017eete objednat prost\u0159ednictv\u00edm emailu, telefonicky, p\u00edsemn\u011b nebo po p\u0159edchoz\u00ed domluv\u011b, osobn\u00ed sch\u016fzkou. Objedn\u00e1vky uskute\u010dn\u011bn\u00e9 V\u00e1mi jako z\u00e1kazn\u00edkem jsou z\u00e1vazn\u00e9 a je jedno jestli se jedn\u00e1 o objedn\u00e1vky zbo\u017e\u00ed \u010di slu\u017eeb. Za z\u00e1vazn\u00e9 se pova\u017euj\u00ed v\u0161echny objedn\u00e1vky uskute\u010dn\u011bn\u00e9 telefonicky, emailem, p\u00edsemn\u011b po\u0161tou \u010di \u00fastn\u011b nebo p\u00edsemn\u011b p\u0159i osobn\u00ed sch\u016fzce. Objedn\u00e1vkou, stvrzujete, \u017ee jste se sezn\u00e1mil s t\u011bmito obchodn\u00edmi podm\u00ednkami a \u017ee s nimi souhlas\u00edte.<br \/>\nM\u00edstem dod\u00e1n\u00ed je adresa, kterou uvedete p\u0159i objedn\u00e1n\u00ed zbo\u017e\u00ed \u010di slu\u017eby nebo dle dohody. Vlastnick\u00e9 pr\u00e1vo ke zbo\u017e\u00ed p\u0159ech\u00e1z\u00ed na kupuj\u00edc\u00edho a\u017e po zaplacen\u00ed cel\u00e9 kupn\u00ed ceny, do t\u00e9to doby je zbo\u017e\u00ed majetkem prod\u00e1vaj\u00edc\u00edho.<\/p>\n<p>2.1 Ve\u0161ker\u00e1 prezentace zbo\u017e\u00ed um\u00edst\u011bn\u00e1 ve webov\u00e9m rozhrann\u00ed 6thD, m\u00e1 pouze informativn\u00ed charakter a prod\u00e1vaj\u00edc\u00ed nen\u00ed povinen uzav\u0159\u00edt kupn\u00ed smlouvu ohledn\u011b tohoto zbo\u017e\u00ed.<\/p>\n<p><strong><span class=\"h-blue\">3. Zp\u016fsob platby a mo\u017enosti dod\u00e1n\u00ed zbo\u017e\u00ed<\/span><\/strong><\/p>\n<p>Bankovn\u00edm p\u0159evodem &#8211; platba p\u0159edem. Dob\u00edrka nen\u00ed vzhledem k jedn\u00e1n\u00ed \u010desk\u00fdch z\u00e1kazn\u00edk\u016f ji\u017e mo\u017en\u00e1.<\/p>\n<p>Z\u00e1kazn\u00edk obdr\u017e\u00ed emailem proforma fakturu vystavenou v CZK, EUR, USD. K fakturovan\u00e9 \u010d\u00e1stce bude p\u0159ipo\u010dteno po\u0161tovn\u00e9 a baln\u00e9. N\u00e1sledn\u011b z\u00e1kazn\u00edk uhrad\u00ed fakturu p\u0159edem na \u00fa\u010det u FIO banky, p\u0159i\u010dem\u017e je nezbytn\u00e9, aby uvedl, \u017ee bankovn\u00ed poplatky hrad\u00ed v pln\u00e9 v\u00fd\u0161i. Jakmile budou pen\u00edze p\u0159ips\u00e1ny na n\u00e1\u0161 \u00fa\u010det, objednan\u00e9 zbo\u017e\u00ed ode\u0161leme prost\u0159ednictv\u00edm \u010cesk\u00e9 po\u0161ty, DHL, PPL. Kupuj\u00edc\u00ed je povinen zbo\u017e\u00ed p\u0159i dod\u00e1n\u00ed p\u0159evz\u00edt.<\/p>\n<p>U v\u0161ech zak\u00e1zkov\u00fdch produkt\u016f jako jsou laserov\u00e9 projektory, zak\u00e1zkov\u00e9 lasery atd. se skl\u00e1d\u00e1 z\u00e1loha 70% z celkov\u00e9 kone\u010dn\u00e9 ceny &#8211; plat\u00ed pro \u010desk\u00e9 z\u00e1kazn\u00edky. Zb\u00fdvaj\u00edc\u00ed \u010d\u00e1stka se hrad\u00ed p\u0159i p\u0159evzet\u00ed zbo\u017e\u00ed, nen\u00ed-li smluvn\u011b uvedeno jinak. Z\u00e1kazn\u00edci mimo \u010cR hr\u00e1d\u00ed p\u0159edem celou \u010d\u00e1stku za objednan\u00e9 zbo\u017e\u00ed p\u0159evodem na n\u00e1\u0161 \u00fa\u010det a to v\u010detn\u011b v\u0161ech bankovn\u00edch poplatk\u016f. Ceny jsou uvedeny bez DPH, p\u0159\u00edpadn\u011b ob\u011b varianty &#8211; bez DPH a v\u010detn\u011b DPH. Informace o cen\u011b dopravy obdr\u017e\u00ed z\u00e1kazn\u00edk emailem nebo telefonicky podle typu objednan\u00e9ho zbo\u017e\u00ed.<\/p>\n<p>Zak\u00e1zkov\u00e9 lasery a zbo\u017e\u00ed je dod\u00e1v\u00e1no zpravidla v term\u00ednu 4 &#8211; 6 t\u00fddn\u016f, z\u00e1le\u017e\u00ed na po\u010dtu zak\u00e1zek p\u0159ed va\u0161\u00ed objedn\u00e1vkou. Komponenty a zbo\u017e\u00ed skladem dod\u00e1v\u00e1me obvykle ihned po p\u0159ips\u00e1n\u00ed pen\u011bz na n\u00e1\u0161 \u00fa\u010det. Zbo\u017e\u00ed na objedn\u00e1vku je dod\u00e1v\u00e1no v dob\u011b 3 &#8211; 4 t\u00fddny. O v\u00fdrazn\u00e9 zm\u011bn\u011b dodac\u00ed lh\u016fty bude z\u00e1kazn\u00edk informov\u00e1n.<\/p>\n<p><strong>3.1 P\u0159edv\u00e1d\u011bc\u00ed akce zbo\u017e\u00ed a cena dopravy<\/strong><\/p>\n<p>V p\u0159\u00edpad\u011b z\u00e1jmu o p\u0159edveden\u00ed laser\u016f ve va\u0161em objektu nebo na v\u00e1mi ur\u010den\u00e9m m\u00edst\u011b, kde je nutn\u00e1 doprava, se \u00fa\u010dtuje dopravn\u00e9 8,-K\u010d\/km za cestu tam i zp\u011bt. Podle typu vybran\u00e9ho a objednan\u00e9ho laseru v\u00e1m \u010d\u00e1stku za dopravu ode\u010dteme z celkov\u00e9 ceny laser\u016f, p\u0159\u00edpadn\u011b jej\u00ed \u010d\u00e1st, z\u00e1le\u017e\u00ed na po\u010dtu ujet\u00fdch kilometr\u016f a na cen\u011b celkov\u00e9 objedn\u00e1vky. Cenu za dopravu je povinnen ka\u017ed\u00fd, kdo si p\u0159edv\u00e1d\u011bc\u00ed akci sjednal, uhradit do 7 dn\u016f od uskute\u010dn\u011bn\u00e9 p\u0159edv\u00e1d\u011bc\u00ed akce na toto \u010d\u00edslo \u00fa\u010dtu u FIO banky:\u00a0<strong>2501235675\/2010<\/strong>.\u00a0Jestli\u017ee nebude platba provedena v uveden\u00e9m term\u00ednu budete nasledn\u011b upozorn\u011bni. Nebude-li platba p\u0159ips\u00e1na ani do 7 dn\u016f od upozorn\u011bn\u00ed, vy\u017eadujeme si pr\u00e1vo pou\u017e\u00edt a p\u0159edat, t\u0159et\u00edm stran\u00e1m, v\u0161echny prost\u0159edky va\u0161\u00ed objedn\u00e1vky, kter\u00e9 m\u00e1me k dispozici, p\u0159edev\u0161\u00edm v\u0161ak z\u00e1znamy telefonn\u00edch hovor\u016f, emailovou komunikaci a kamerov\u00fd z\u00e1znam z m\u00edsta uskute\u010dn\u011bn\u00ed p\u0159edv\u00e1d\u011bc\u00ed akce. Viz. bod 6. Ochrana osobn\u00edch \u00fadaj\u016f.<\/p>\n<p><strong>4. Odstoupen\u00ed od kupn\u00ed smlouvy\u00a0<\/strong><\/p>\n<p>Kupuj\u00edc\u00ed bere na v\u011bdom\u00ed, \u017ee dle ustanoven\u00ed \u00a7 1837 ob\u010dansk\u00e9ho z\u00e1kon\u00edku, nelze mimo jin\u00e9 odstoupit od kupn\u00ed smlouvy o dod\u00e1vce zbo\u017e\u00ed, kter\u00e9 bylo upraveno \u010di vyrobeno podle p\u0159\u00e1n\u00ed kupuj\u00edc\u00edho nebo vyrobeno na zak\u00e1zku pro jeho osobu. Zpravidla v\u0161echny lasery i ostatn\u00ed produkty se vyr\u00e1b\u00ed na zak\u00e1zku. V p\u0159\u00edpad\u011b, \u017ee si z\u00e1kazn\u00edk odm\u00edtne p\u0159evz\u00edt hotov\u00fd v\u00fdrobek, je povinen uhradit stornovac\u00ed poplatek ve v\u00fd\u0161\u00ed 30% z jeho prodejn\u00ed ceny, kter\u00e1 s n\u00edm byla dohodnuta. Neuhrad\u00ed-li z\u00e1kazn\u00edk stornovac\u00ed poplatek do 14 dn\u016f od term\u00ednu kdy m\u011bl hotov\u00fd v\u00fdrobek p\u0159evz\u00edt, bude zaregistrov\u00e1n do registru dlu\u017en\u00edk\u016f a \u010d\u00e1stka bude vym\u00e1h\u00e1na v\u010detn\u011b 0,5% z p\u016fvodn\u00ed prodejn\u00ed ceny za ka\u017ed\u00fd den prodlen\u00ed.<\/p>\n<p><strong><span class=\"h-blue\">5. Z\u00e1ruka a pr\u00e1va z vadn\u00e9ho pln\u011bn\u00ed<\/span><\/strong><\/p>\n<p>5.1. Pr\u00e1va a povinnosti smluvn\u00edch stran ohledn\u011b pr\u00e1v z vadn\u00e9ho pln\u011bn\u00ed se \u0159\u00edd\u00ed p\u0159\u00edslu\u0161n\u00fdmi obecn\u011b z\u00e1vazn\u00fdmi pr\u00e1vn\u00edmi p\u0159edpisy (zejm\u00e9na ustanoven\u00edmi \u00a7 1914 a\u017e 1925, \u00a7 2099 a\u017e 2117 a \u00a7 2161 a\u017e 2174 ob\u010dansk\u00e9ho z\u00e1kon\u00edku).<br \/>\n5.2. Prod\u00e1vaj\u00edc\u00ed odpov\u00edd\u00e1 kupuj\u00edc\u00edmu, \u017ee zbo\u017e\u00ed p\u0159i p\u0159evzet\u00ed nem\u00e1 vady. Na ka\u017ed\u00e9 zbo\u017e\u00ed se vztahuje z\u00e1ru\u010dn\u00ed lh\u016fta, jej\u00ed d\u00e9lka je uvedena na faktu\u0159e nebo z\u00e1ru\u010dn\u00edm listu. U zbo\u017e\u00ed, kde je to nezbytn\u00e9, vystav\u00ed prod\u00e1vaj\u00edc\u00ed z\u00e1ru\u010dn\u00ed list, kter\u00fd kupuj\u00edc\u00ed obdr\u017e\u00ed sou\u010dasn\u011b se zbo\u017e\u00edm. U ostatn\u00edho zbo\u017e\u00ed prokazuje kupuj\u00edc\u00ed p\u016fvod zbo\u017e\u00ed fakturou (dodac\u00edm listem). Pro tyto \u00fa\u010dely je kupuj\u00edc\u00ed povinen si tento doklad i obal od zbo\u017e\u00ed po dobu z\u00e1ru\u010dn\u00ed lh\u016fty uschovat.<br \/>\n5.3. Kupuj\u00edc\u00ed je povinen zbo\u017e\u00ed prohl\u00e9dnout bez zbyte\u010dn\u00e9ho odkladu po jeho p\u0159evzet\u00ed. P\u0159evzet\u00edm se rozum\u00ed p\u0159ed\u00e1n\u00ed zbo\u017e\u00ed p\u0159epravcem.<br \/>\n5.4. Kupuj\u00edc\u00ed je povinen ozn\u00e1mit prod\u00e1vaj\u00edc\u00edmu bezodkladn\u011b po proveden\u00ed prohl\u00eddky dodan\u00e9ho zbo\u017e\u00ed v\u0161echny vady, kter\u00e9 p\u0159\u00edpadn\u011b zjistil a to nejd\u00e9le do 24 hodin od p\u0159evzet\u00ed z\u00e1silky.<br \/>\n5.5. P\u0159i zji\u0161t\u011bn\u00ed rozd\u00edlu v mno\u017estv\u00ed nebo druhu zbo\u017e\u00ed s \u00fadaji na faktu\u0159e \u010di dodac\u00edm listu je nutno podat o tomto stavu zpr\u00e1vu prod\u00e1vaj\u00edc\u00edmu do 24 hodin od p\u0159evzet\u00ed.<br \/>\n5.6. Kupuj\u00edc\u00ed mus\u00ed ozn\u00e1mit zji\u0161t\u011bn\u00e9 vady prod\u00e1vaj\u00edc\u00edmu na emailu: info@6thd.eu. V ozn\u00e1men\u00ed mus\u00ed kupuj\u00edc\u00ed uv\u00e9st zji\u0161t\u011bn\u00e9 vady (charakteristika, jak se projevuj\u00ed) a mus\u00ed uv\u00e9st n\u00e1rok, kter\u00fd v d\u016fsledku vady uplat\u0148uje.<br \/>\n5.7. K reklamaci je nutn\u00e9 p\u0159edlo\u017eit z\u00e1ru\u010dn\u00ed list, pokud byl vystaven, a d\u00e1le ve v\u0161ech p\u0159\u00edpadech fakturu (dodac\u00ed list), doklad o zaplacen\u00ed a dod\u00e1n\u00ed zbo\u017e\u00ed a vlastn\u00ed reklamovan\u00e9 zbo\u017e\u00ed.<\/p>\n<p><strong><span class=\"h-blue\">6. Ochrana osobn\u00edch \u00fadaj\u016f<\/span><\/strong><\/p>\n<p>P\u0159i na\u0161\u00ed spolupr\u00e1ci chr\u00e1n\u00edme pln\u011b va\u0161e soukrom\u00ed v souladu se z\u00e1konem \u010d. 101\/2000 Sb. Abychom V\u00e1m v\u0161ak mohli nab\u00eddnout na\u0161e slu\u017eby, pot\u0159ebujeme zn\u00e1t n\u011bkter\u00e9 nutn\u00e9 \u00fadaje (jm\u00e9no a p\u0159\u00edjmen\u00ed, adresa, email, telefon). Tyto \u00fadaje chr\u00e1n\u00edme p\u0159ed jak\u00fdmkoli zneu\u017eit\u00edm a neposkytujeme je \u017e\u00e1dn\u00fdm jin\u00fdm osob\u00e1m. Vyhrazujeme si v\u0161ak pr\u00e1vo, zve\u0159ejnit, pou\u017e\u00edt ke sjedn\u00e1n\u00ed n\u00e1pravy a zaregistrovat do registr\u016f dlu\u017en\u00edk\u016f \u00fadaje t\u011bch z\u00e1kazn\u00edk\u016f, kte\u0159\u00ed sv\u00fdm jedn\u00e1n\u00edm poru\u0161ili v\u00fd\u0161e zm\u00edn\u011bn\u00e9 obchodn\u00ed podm\u00ednky nebo zp\u016fsobili na\u0161\u00ed firm\u011b jak\u00e9koliv finan\u010dn\u00ed ztr\u00e1ty.<\/p>\n<p><strong>7. Z\u00e1v\u011bre\u010dn\u00e1 ustanoven\u00ed<\/strong><\/p>\n<p>Je-li n\u011bkter\u00e9 ustanoven\u00ed obchodn\u00edch podm\u00ednek neplatn\u00e9 nebo ne\u00fa\u010dinn\u00e9, nebo se takov\u00fdm stane, nam\u00edsto neplatn\u00fdch ustanoven\u00ed nastoup\u00ed ustanoven\u00ed, jeho\u017e smysl se neplatn\u00e9mu ustanoven\u00ed co nejv\u00edce p\u0159ibli\u017euje. Neplatnost\u00ed nebo ne\u00fa\u010dinnost\u00ed jednoho ustanoven\u00ed nen\u00ed dotknut\u00e1 platnost ostatn\u00edch ustanoven\u00ed.<\/p>\n<\/div><div class=\"bt_bb_separator bt_bb_border_style_none bt_bb_bottom_spacing_normal\" data-bt-override-class=\"null\"><\/div><\/div><\/div><\/div><\/div><\/div><\/div><\/div><\/section><\/div>","protected":false},"excerpt":{"rendered":"","protected":false},"author":1,"featured_media":0,"parent":0,"menu_order":0,"comment_status":"closed","ping_status":"closed","template":"","meta":[],"yst_prominent_words":[],"_links":{"self":[{"href":"https:\/\/6thd.eu\/cz\/wp-json\/wp\/v2\/pages\/5429"}],"collection":[{"href":"https:\/\/6thd.eu\/cz\/wp-json\/wp\/v2\/pages"}],"about":[{"href":"https:\/\/6thd.eu\/cz\/wp-json\/wp\/v2\/types\/page"}],"author":[{"embeddable":true,"href":"https:\/\/6thd.eu\/cz\/wp-json\/wp\/v2\/users\/1"}],"replies":[{"embeddable":true,"href":"https:\/\/6thd.eu\/cz\/wp-json\/wp\/v2\/comments?post=5429"}],"version-history":[{"count":2,"href":"https:\/\/6thd.eu\/cz\/wp-json\/wp\/v2\/pages\/5429\/revisions"}],"predecessor-version":[{"id":5432,"href":"https:\/\/6thd.eu\/cz\/wp-json\/wp\/v2\/pages\/5429\/revisions\/5432"}],"wp:attachment":[{"href":"https:\/\/6thd.eu\/cz\/wp-json\/wp\/v2\/media?parent=5429"}],"wp:term":[{"taxonomy":"yst_prominent_words","embeddable":true,"href":"https:\/\/6thd.eu\/cz\/wp-json\/wp\/v2\/yst_prominent_words?post=5429"}],"curies":[{"name":"wp","href":"https:\/\/api.w.org\/{rel}","templated":true}]}}